{"id":118,"date":"2023-06-27T09:35:35","date_gmt":"2023-06-27T09:35:35","guid":{"rendered":"https:\/\/qth.ee\/about\/"},"modified":"2024-09-05T12:01:01","modified_gmt":"2024-09-05T12:01:01","slug":"about","status":"publish","type":"page","link":"https:\/\/www.qth.ee\/et\/about\/","title":{"rendered":"Meie kohta"},"content":{"rendered":"<div class=\"wp-block-cover alignfull has-custom-content-position is-position-bottom-center ext-import\" style=\"padding-right:var(--wp--preset--spacing--30);padding-left:var(--wp--preset--spacing--30);min-height:394px;aspect-ratio:unset;\"><span aria-hidden=\"true\" class=\"wp-block-cover__background has-black-background-color has-background-dim-60 has-background-dim\"><\/span><img decoding=\"async\" class=\"wp-block-cover__image-background\" alt=\"\" src=\"https:\/\/images.unsplash.com\/photo-1622020805861-0b0a10ab4772?fit=crop&amp;crop=entropy%2Cfaces&amp;auto=format%2Ccompress&amp;w=1280\" data-object-fit=\"cover\"\/><div class=\"wp-block-cover__inner-container is-layout-flow wp-block-cover-is-layout-flow\">\n<div class=\"wp-block-group is-layout-constrained wp-block-group-is-layout-constrained\" style=\"padding-top:var(--wp--preset--spacing--40);padding-bottom:var(--wp--preset--spacing--60)\">\n<div class=\"wp-block-columns alignwide is-layout-flex wp-container-core-columns-is-layout-9503679e wp-block-columns-is-layout-flex\">\n<div class=\"wp-block-column is-layout-flow wp-block-column-is-layout-flow\" style=\"flex-basis:60%\">\n<p><\/p>\n\n\n\n<p><\/p>\n\n\n\n<p><\/p>\n\n\n\n<h1 class=\"wp-block-heading has-text-align-left has-white-color has-text-color\">QTH kohta<\/h1>\n<\/div>\n\n\n\n<div class=\"wp-block-column is-layout-flow wp-block-column-is-layout-flow\" style=\"flex-basis:40%\">\n<p class=\"has-text-align-left has-white-color has-text-color\" style=\"padding-top:var(--wp--preset--spacing--30)\">Tere tulemast QTH-sse. \u00dcle 15-aastase kogemusega toodame ja koostame t\u00f6\u00f6stuslikke lahendusi. Meie kaks tehast valmistavad erineva suuruse ja keerukusega mehaanilisi osi, mis vastavad klientide vajadustele.<\/p>\n\n\n\n<div class=\"wp-block-buttons is-content-justification-left is-layout-flex wp-container-core-buttons-is-layout-3535db69 wp-block-buttons-is-layout-flex\" style=\"margin-top:var(--wp--preset--spacing--30)\">\n<div class=\"wp-block-button has-custom-font-size has-small-font-size\"><a class=\"wp-block-button__link wp-element-button\" href=\"https:\/\/www.qth.ee\/et\/contact\/\">K\u00fcsi pakkumist<\/a><\/div>\n<\/div>\n<\/div>\n<\/div>\n<\/div>\n<\/div><\/div>\n\n\n\n<div class=\"wp-block-uagb-container uagb-block-cc344175 alignfull uagb-is-root-container\"><div class=\"uagb-container-inner-blocks-wrap\">\n<div class=\"wp-block-uagb-advanced-heading uagb-block-7b2294a3\"><h2 class=\"uagb-heading-text\">Meie p\u00f5hiv\u00e4\u00e4rtused<\/h2><p class=\"uagb-desc-text\">Juhtp\u00f5him\u00f5tted, mis juhivad meie p\u00fchendumust tipptasemele ja t\u00e4psusele mehaaniliste lahenduste v\u00e4ljat\u00f6\u00f6tamisel<\/p><\/div>\n\n\n\n<div class=\"wp-block-uagb-container uagb-block-ecb8dade\">\n<div class=\"wp-block-uagb-advanced-heading uagb-block-bef7d43a\"><h3 class=\"uagb-heading-text\">Kvaliteet<\/h3><p class=\"uagb-desc-text\">Meie tootmisprotsessides rakendame mitmetasandilist kvaliteedikontrolli, tagamaks, et iga komponent vastab meie klientide ootustele.<\/p><\/div>\n\n\n\n<div class=\"wp-block-uagb-advanced-heading uagb-block-b863782d\"><h3 class=\"uagb-heading-text\">Usaldusv\u00e4\u00e4rsus<\/h3><p class=\"uagb-desc-text\">Meie kliendid usaldavad meid \u00f5igeaegsete ja usaldusv\u00e4\u00e4rsete t\u00f6\u00f6tlemislahenduste t\u00f5ttu. Tagame, et teie projektid p\u00fcsivad graafikus ja vastavad k\u00f5igile n\u00f5uetele.<\/p><\/div>\n\n\n\n<div class=\"wp-block-uagb-advanced-heading uagb-block-9f890ad2\"><h3 class=\"uagb-heading-text\">Innovatsioon<\/h3><p class=\"uagb-desc-text\">T\u00e4iendame pidevalt oma tootmist uute seadmetega, et pakkuda klientidele kvaliteetseid ja kiireid lahendusi mehaanilises t\u00f6\u00f6tlemises ja masinaehituses.<\/p><\/div>\n<\/div>\n<\/div><\/div>\n\n\n\n<div class=\"inherit-container-width wp-block-group alignfull has-background-background-color has-background is-layout-constrained wp-container-core-group-is-layout-7276a2bb wp-block-group-is-layout-constrained\" style=\"margin-top:0;margin-bottom:0;padding-top:var(--wp--preset--spacing--60);padding-right:var(--wp--preset--spacing--30);padding-bottom:var(--wp--preset--spacing--60);padding-left:var(--wp--preset--spacing--30)\">\n<h2 class=\"wp-block-heading has-text-align-center\">Saavuta koos QTH-ga!<\/h2>\n\n\n\n<p class=\"has-text-align-center\" style=\"margin-top:16px\">Meie meeskond on meie edu v\u00f5ti. Me seame prioriteediks oma t\u00f6\u00f6tajate personaalse kasvu ja arengu, edendades koost\u00f6\u00f6keskkonda, kus me \u00f5pime ja saavutame \u00fcheskoos. Iga meeskonnaliige toob kaasa unikaalsed oskused ja teadmised, mis aitavad kaasa meie uuenduslikele ja kvaliteetsetele lahendustele.<\/p>\n<\/div>\n\n\n\n<div class=\"inherit-container-width wp-block-group alignfull has-background-background-color has-background is-layout-constrained wp-container-core-group-is-layout-254d6575 wp-block-group-is-layout-constrained\" style=\"margin-top:0;margin-bottom:0;padding-top:var(--wp--preset--spacing--60);padding-right:var(--wp--preset--spacing--30);padding-bottom:var(--wp--preset--spacing--60);padding-left:var(--wp--preset--spacing--30)\">\n<div class=\"wp-block-columns alignwide is-layout-flex wp-container-core-columns-is-layout-13e2ef3f wp-block-columns-is-layout-flex\">\n<div class=\"wp-block-column is-layout-flow wp-block-column-is-layout-flow\">\n<div class=\"wp-block-cover has-custom-content-position is-position-bottom-left ext-import\" style=\"padding-top:var(--wp--preset--spacing--30);padding-right:var(--wp--preset--spacing--40);padding-bottom:var(--wp--preset--spacing--30);padding-left:var(--wp--preset--spacing--30);min-height:393px;aspect-ratio:unset;\"><span aria-hidden=\"true\" class=\"wp-block-cover__background has-black-background-color has-background-dim-20 has-background-dim\"><\/span><img fetchpriority=\"high\" decoding=\"async\" width=\"2048\" height=\"1536\" class=\"wp-block-cover__image-background wp-image-1397\" alt=\"\" src=\"https:\/\/qth.ee\/wp-content\/uploads\/2024\/05\/Messenger_creation_2c7de662-713c-4465-a1d0-f1ba006c9965.jpeg\" data-object-fit=\"cover\" srcset=\"https:\/\/qth.ee\/wp-content\/uploads\/2024\/05\/Messenger_creation_2c7de662-713c-4465-a1d0-f1ba006c9965.jpeg 2048w, https:\/\/qth.ee\/wp-content\/uploads\/2024\/05\/Messenger_creation_2c7de662-713c-4465-a1d0-f1ba006c9965-300x225.jpeg 300w, https:\/\/qth.ee\/wp-content\/uploads\/2024\/05\/Messenger_creation_2c7de662-713c-4465-a1d0-f1ba006c9965-1024x768.jpeg 1024w, https:\/\/qth.ee\/wp-content\/uploads\/2024\/05\/Messenger_creation_2c7de662-713c-4465-a1d0-f1ba006c9965-768x576.jpeg 768w, https:\/\/qth.ee\/wp-content\/uploads\/2024\/05\/Messenger_creation_2c7de662-713c-4465-a1d0-f1ba006c9965-1536x1152.jpeg 1536w, https:\/\/qth.ee\/wp-content\/uploads\/2024\/05\/Messenger_creation_2c7de662-713c-4465-a1d0-f1ba006c9965-16x12.jpeg 16w\" sizes=\"(max-width: 2048px) 100vw, 2048px\" \/><div class=\"wp-block-cover__inner-container is-layout-flow wp-block-cover-is-layout-flow\">\n<div class=\"wp-block-group is-layout-constrained wp-block-group-is-layout-constrained\">\n<p class=\"has-white-color has-text-color has-small-font-size\" style=\"margin-top:12px\"><\/p>\n\n\n\n<h3 class=\"wp-block-heading has-text-align-left has-white-color has-text-color\" style=\"font-size:24px\">Mehaanilised lahendused on meie kirg!<\/h3>\n<\/div>\n<\/div><\/div>\n\n\n\n<div class=\"wp-block-cover is-light has-custom-content-position is-position-bottom-left ext-import\" style=\"padding-top:var(--wp--preset--spacing--30);padding-right:var(--wp--preset--spacing--60);padding-bottom:var(--wp--preset--spacing--30);padding-left:var(--wp--preset--spacing--30);min-height:449px;aspect-ratio:unset;\"><span aria-hidden=\"true\" class=\"wp-block-cover__background has-black-background-color has-background-dim-0 has-background-dim\"><\/span><video class=\"wp-block-cover__video-background intrinsic-ignore\" autoplay muted loop playsinline src=\"https:\/\/qth.ee\/wp-content\/uploads\/2024\/05\/Messenger_creation_a3ff285b-c7d2-414c-a3e5-f9ed2a40cf3f.mp4\" data-object-fit=\"cover\"><\/video><div class=\"wp-block-cover__inner-container is-layout-flow wp-block-cover-is-layout-flow\">\n<div class=\"wp-block-group is-layout-constrained wp-block-group-is-layout-constrained\">\n<h3 class=\"wp-block-heading has-text-align-left has-white-color has-text-color\" style=\"font-size:24px\"><\/h3>\n\n\n\n<p class=\"has-white-color has-text-color has-small-font-size\" style=\"margin-top:12px\"><\/p>\n<\/div>\n<\/div><\/div>\n<\/div>\n\n\n\n<div class=\"wp-block-column is-layout-flow wp-block-column-is-layout-flow\">\n<div class=\"wp-block-cover has-custom-content-position is-position-bottom-left ext-import\" style=\"padding-top:var(--wp--preset--spacing--30);padding-right:var(--wp--preset--spacing--60);padding-bottom:var(--wp--preset--spacing--30);padding-left:var(--wp--preset--spacing--30);min-height:393px;aspect-ratio:unset;\"><span aria-hidden=\"true\" class=\"wp-block-cover__background has-black-background-color has-background-dim-10 has-background-dim\"><\/span><img decoding=\"async\" width=\"1080\" height=\"718\" class=\"wp-block-cover__image-background wp-image-1395\" alt=\"\" src=\"https:\/\/qth.ee\/wp-content\/uploads\/2024\/05\/FB_IMG_1715645368439.jpg\" data-object-fit=\"cover\" srcset=\"https:\/\/qth.ee\/wp-content\/uploads\/2024\/05\/FB_IMG_1715645368439.jpg 1080w, https:\/\/qth.ee\/wp-content\/uploads\/2024\/05\/FB_IMG_1715645368439-300x199.jpg 300w, https:\/\/qth.ee\/wp-content\/uploads\/2024\/05\/FB_IMG_1715645368439-1024x681.jpg 1024w, https:\/\/qth.ee\/wp-content\/uploads\/2024\/05\/FB_IMG_1715645368439-768x511.jpg 768w, https:\/\/qth.ee\/wp-content\/uploads\/2024\/05\/FB_IMG_1715645368439-18x12.jpg 18w\" sizes=\"(max-width: 1080px) 100vw, 1080px\" \/><div class=\"wp-block-cover__inner-container is-layout-flow wp-block-cover-is-layout-flow\">\n<div class=\"wp-block-group is-layout-constrained wp-block-group-is-layout-constrained\">\n<p class=\"has-white-color has-text-color has-small-font-size\" style=\"margin-top:12px\"><\/p>\n\n\n\n<h3 class=\"wp-block-heading has-text-align-left has-white-color has-text-color\" style=\"font-size:24px\">Saavuta koos QTH-ga!<\/h3>\n<\/div>\n<\/div><\/div>\n<\/div>\n<\/div>\n\n\n\n<div class=\"wp-block-columns alignwide is-layout-flex wp-container-core-columns-is-layout-13e2ef3f wp-block-columns-is-layout-flex\">\n<div class=\"wp-block-column is-layout-flow wp-block-column-is-layout-flow\"><\/div>\n\n\n\n<div class=\"wp-block-column is-layout-flow wp-block-column-is-layout-flow\"><\/div>\n<\/div>\n<\/div>\n\n\n\n<div class=\"inherit-container-width wp-block-group alignfull has-background-background-color has-background is-layout-constrained wp-container-core-group-is-layout-254d6575 wp-block-group-is-layout-constrained\" style=\"margin-top:0;margin-bottom:0;padding-top:var(--wp--preset--spacing--60);padding-right:var(--wp--preset--spacing--30);padding-bottom:var(--wp--preset--spacing--60);padding-left:var(--wp--preset--spacing--30)\">\n<div class=\"wp-block-columns alignwide is-layout-flex wp-container-core-columns-is-layout-13e2ef3f wp-block-columns-is-layout-flex\">\n<div class=\"wp-block-column is-layout-flow wp-block-column-is-layout-flow\"><\/div>\n\n\n\n<div class=\"wp-block-column is-layout-flow wp-block-column-is-layout-flow\"><\/div>\n<\/div>\n<\/div>\n\n\n\n<div class=\"inherit-container-width wp-block-group alignfull has-background-background-color has-background is-layout-constrained wp-container-core-group-is-layout-fb85e995 wp-block-group-is-layout-constrained\" style=\"margin-top:0;margin-bottom:0;padding-top:var(--wp--preset--spacing--60);padding-right:var(--wp--preset--spacing--30);padding-bottom:var(--wp--preset--spacing--60);padding-left:var(--wp--preset--spacing--30)\">\n<h3 class=\"wp-block-heading has-text-align-center\" style=\"margin-top:12px\"><strong>Saavutage koos meiega oma eesm\u00e4rgid<\/strong><\/h3>\n\n\n\n<p class=\"has-text-align-center\" style=\"margin-top:16px\">\u00dckski unistus pole liiga suur. Astuge koos QTH-ga edule l\u00e4hemale. Isiklike ja ametialaste eesm\u00e4rkide saavutamine on see, mis teeb meid suureks. Liituge meiega sellel teekonnal ja saavutame koos uusi k\u00f5rgusi. Me usume koost\u00f6\u00f6sse ja piiramatusse potentsiaali, mida see avab. Olgu te klient, partner v\u00f5i meeskonnaliige, kutsume teid olema osa meie tulevikust.<\/p>\n\n\n\n<div class=\"wp-block-buttons is-content-justification-center is-layout-flex wp-container-core-buttons-is-layout-720bcce9 wp-block-buttons-is-layout-flex\">\n<div class=\"wp-block-button\"><a class=\"wp-block-button__link wp-element-button\" href=\"https:\/\/www.qth.ee\/et\/blog\/\">Karj\u00e4\u00e4r QTH-s<\/a><\/div>\n<\/div>\n<\/div>\n\n\n\n<div class=\"inherit-container-width wp-block-group alignfull has-background-background-color has-background is-layout-constrained wp-container-core-group-is-layout-7276a2bb wp-block-group-is-layout-constrained\" style=\"margin-top:0;margin-bottom:0;padding-top:var(--wp--preset--spacing--60);padding-right:var(--wp--preset--spacing--30);padding-bottom:var(--wp--preset--spacing--60);padding-left:var(--wp--preset--spacing--30)\">\n<div class=\"wp-block-columns alignwide are-vertically-aligned-center is-layout-flex wp-container-core-columns-is-layout-08c01c1c wp-block-columns-is-layout-flex\">\n<div class=\"wp-block-column is-vertically-aligned-center is-layout-flow wp-block-column-is-layout-flow\">\n<figure class=\"wp-block-image size-large ext-import\"><img decoding=\"async\" width=\"1024\" height=\"683\" src=\"https:\/\/qth.ee\/wp-content\/uploads\/2024\/05\/DSC0308-1024x683.jpg\" alt=\"\" class=\"wp-image-1401\" srcset=\"https:\/\/qth.ee\/wp-content\/uploads\/2024\/05\/DSC0308-1024x683.jpg 1024w, https:\/\/qth.ee\/wp-content\/uploads\/2024\/05\/DSC0308-300x200.jpg 300w, https:\/\/qth.ee\/wp-content\/uploads\/2024\/05\/DSC0308-768x512.jpg 768w, https:\/\/qth.ee\/wp-content\/uploads\/2024\/05\/DSC0308-1536x1024.jpg 1536w, https:\/\/qth.ee\/wp-content\/uploads\/2024\/05\/DSC0308-2048x1365.jpg 2048w, https:\/\/qth.ee\/wp-content\/uploads\/2024\/05\/DSC0308-18x12.jpg 18w\" sizes=\"(max-width: 1024px) 100vw, 1024px\" \/><\/figure>\n<\/div>\n\n\n\n<div class=\"wp-block-column is-vertically-aligned-center is-layout-flow wp-block-column-is-layout-flow\">\n<h3 class=\"wp-block-heading\">Tagasipanustamine \u00fchiskonda<\/h3>\n\n\n\n<p style=\"margin-top:16px\">Me k\u00f5ik alustasime koolipingis. Inseneeria erialade omandamine n\u00f5uab aega ja pingutust, kuid koos j\u00f5uame tippu! QTHs oleme p\u00fchendunud j\u00e4rgmise p\u00f5lvkonna inseneride ja innovaatorite \u00f5pingute toetamisele. Haridusprogrammide, kogukondlike algatuste ja partnerluste kaudu p\u00fc\u00fcame anda \u00fchiskonnale tagasi ja toetada neid, kes alles alustavad oma teekonda. Noortesse investeerides ning koost\u00f6\u00f6- ja \u00f5ppimisvaimu edendades p\u00fc\u00fcame luua positiivset m\u00f5ju, mis ulatub kaugemale meie \u00e4ritegevusest.<\/p>\n\n\n\n<div class=\"wp-block-buttons is-layout-flex wp-block-buttons-is-layout-flex\" style=\"margin-top:var(--wp--preset--spacing--40)\">\n<div class=\"wp-block-button\"><a class=\"wp-block-button__link wp-element-button\" href=\"https:\/\/www.qth.ee\/et\/blog\/\">Praktika QTH-s<\/a><\/div>\n<\/div>\n<\/div>\n<\/div>\n<\/div>\n\n\n\n<div class=\"inherit-container-width wp-block-group alignfull has-background-background-color has-background is-layout-constrained wp-container-core-group-is-layout-7276a2bb wp-block-group-is-layout-constrained\" style=\"margin-top:0;margin-bottom:0;padding-top:var(--wp--preset--spacing--60);padding-right:var(--wp--preset--spacing--30);padding-bottom:var(--wp--preset--spacing--60);padding-left:var(--wp--preset--spacing--30)\">\n<div class=\"wp-block-group alignwide is-content-justification-center is-layout-constrained wp-block-group-is-layout-constrained\">\n<h2 class=\"wp-block-heading has-text-align-center\">Koos QTH-ga j\u00e4rgmisse suurde tudengiprojekti!<\/h2>\n\n\n\n<p class=\"has-text-align-center\" style=\"margin-top:16px\">Inseneeria tulevikutalendid, kasvavad inspireerivatest tudengiprojektidest. Pakume inseneri\u00f5ppe \u00fcli\u00f5pilaste projektide jaoks mentorlust ja sponsorlust.<\/p>\n<\/div>\n\n\n\n<div class=\"wp-block-columns alignwide is-layout-flex wp-container-core-columns-is-layout-5b525043 wp-block-columns-is-layout-flex\">\n<div class=\"wp-block-column is-layout-flow wp-block-column-is-layout-flow\">\n<figure class=\"wp-block-image size-large ext-aspect-landscape ext-import\"><img loading=\"lazy\" decoding=\"async\" width=\"1024\" height=\"768\" src=\"https:\/\/qth.ee\/wp-content\/uploads\/2024\/05\/IMG_1478-1-1024x768.jpg\" alt=\"\" class=\"wp-image-1403\" srcset=\"https:\/\/qth.ee\/wp-content\/uploads\/2024\/05\/IMG_1478-1-1024x768.jpg 1024w, https:\/\/qth.ee\/wp-content\/uploads\/2024\/05\/IMG_1478-1-300x225.jpg 300w, https:\/\/qth.ee\/wp-content\/uploads\/2024\/05\/IMG_1478-1-768x576.jpg 768w, https:\/\/qth.ee\/wp-content\/uploads\/2024\/05\/IMG_1478-1-1536x1152.jpg 1536w, https:\/\/qth.ee\/wp-content\/uploads\/2024\/05\/IMG_1478-1-2048x1536.jpg 2048w, https:\/\/qth.ee\/wp-content\/uploads\/2024\/05\/IMG_1478-1-16x12.jpg 16w\" sizes=\"(max-width: 1024px) 100vw, 1024px\" \/><\/figure>\n\n\n\n<h3 class=\"wp-block-heading has-text-align-center\" style=\"margin-top:24px;font-size:20px;line-height:1.5\">Technics 5<\/h3>\n\n\n\n<p class=\"has-text-align-center has-small-font-size\" style=\"margin-top:8px\"><strong>Technics 5<\/strong> pneumaatiline s\u00f5iduk, mille on loonud Tehnika\u00fcli\u00f5pilaste Selts. See uuenduslik projekt kasutab s\u00f5iduki j\u00f5uallikana suru\u00f5hku, pakkudes \u00f5ppuritele v\u00f5imalust koostada pneumaatilisi seadmeid juba \u00f5pingute ajal t\u00f5husalt. Projekt h\u00f5lmab keerukate mehaaniliste s\u00fcsteemide tootmist ja nende testimist v\u00f5istlustel. Technics 5 on korduvalt v\u00f5itnud esikoha rahvusvahelistel v\u00f5istlustel, tuues au Eestile.<\/p>\n\n\n\n<div class=\"wp-block-buttons is-content-justification-center is-layout-flex wp-container-core-buttons-is-layout-a89b3969 wp-block-buttons-is-layout-flex\"><\/div>\n<\/div>\n\n\n\n<div class=\"wp-block-column is-layout-flow wp-block-column-is-layout-flow\">\n<figure class=\"wp-block-image aligncenter size-large is-resized ext-aspect-landscape ext-import\"><img loading=\"lazy\" decoding=\"async\" width=\"1408\" height=\"938\" src=\"https:\/\/qth.ee\/wp-content\/uploads\/2024\/05\/tys-edited.jpg\" alt=\"\" class=\"wp-image-1405\" style=\"aspect-ratio:1.3333333333333333;object-fit:cover;width:336px;height:auto\" srcset=\"https:\/\/qth.ee\/wp-content\/uploads\/2024\/05\/tys-edited.jpg 1408w, https:\/\/qth.ee\/wp-content\/uploads\/2024\/05\/tys-edited-300x200.jpg 300w, https:\/\/qth.ee\/wp-content\/uploads\/2024\/05\/tys-edited-1024x682.jpg 1024w, https:\/\/qth.ee\/wp-content\/uploads\/2024\/05\/tys-edited-768x512.jpg 768w, https:\/\/qth.ee\/wp-content\/uploads\/2024\/05\/tys-edited-18x12.jpg 18w\" sizes=\"(max-width: 1408px) 100vw, 1408px\" \/><\/figure>\n\n\n\n<h3 class=\"wp-block-heading has-text-align-center\" style=\"margin-top:24px;font-size:20px;line-height:1.5\">T\u00fcstroyer<\/h3>\n\n\n\n<p class=\"has-text-align-center has-small-font-size\" style=\"margin-top:8px\"><strong>T\u00fcstroyer<\/strong> on Tehnika\u00fcli\u00f5pilaste Seltsi poolt v\u00e4lja t\u00f6\u00f6tatud lahingrobot. V\u00f5istluseks loodud robot kasutab lahingrelvana trumlit. T\u00fcstroyer toob kokku nii mehaanika kui ka elektoonika erialde tudengid, et luua v\u00f5istlustel efektiivseim, tugevaim ja kiireim lahingrobot. T\u00fcstroyer on ennast t\u00f5estanud intensiivsetes lahingutingimustes - T\u00fcstroyer on 2023 AHHAA Robolahingu v\u00f5itja.<\/p>\n\n\n\n<div class=\"wp-block-buttons is-content-justification-center is-layout-flex wp-container-core-buttons-is-layout-a89b3969 wp-block-buttons-is-layout-flex\"><\/div>\n<\/div>\n\n\n\n<div class=\"wp-block-column is-layout-flow wp-block-column-is-layout-flow\">\n<figure class=\"wp-block-image size-large ext-aspect-landscape ext-import\"><img loading=\"lazy\" decoding=\"async\" width=\"743\" height=\"495\" src=\"https:\/\/qth.ee\/wp-content\/uploads\/2024\/05\/solar-edited.jpg\" alt=\"\" class=\"wp-image-1408\" style=\"aspect-ratio:4\/3;object-fit:cover\" srcset=\"https:\/\/qth.ee\/wp-content\/uploads\/2024\/05\/solar-edited.jpg 743w, https:\/\/qth.ee\/wp-content\/uploads\/2024\/05\/solar-edited-300x200.jpg 300w, https:\/\/qth.ee\/wp-content\/uploads\/2024\/05\/solar-edited-18x12.jpg 18w\" sizes=\"(max-width: 743px) 100vw, 743px\" \/><\/figure>\n\n\n\n<h3 class=\"wp-block-heading has-text-align-center\" style=\"margin-top:24px;font-size:20px;line-height:1.5\">Solaride<\/h3>\n\n\n\n<p class=\"has-text-align-center has-small-font-size\" style=\"margin-top:8px\"><strong>Solaride<\/strong> on Eesti esimene p\u00e4ikeseenergial t\u00f6\u00f6tav auto, mille on ehitanud erinevate Eesti koolide ja \u00fclikoolide \u00f5pilased. See on m\u00f5eldud rahvusvahelistele p\u00e4ikeseenergiav\u00f5istlustele, nagu Solar Challenge Marokos, ja kasutab p\u00e4ikeseenergiat kerepaneelide kaudu, mida salvestatakse akumoodulites. Aerod\u00fcnaamiline konstruktsioon v\u00e4hendab tuuletakistust, mis v\u00f5imaldab saavutada kiirust kuni 140 km\/h. Solaride edendab s\u00e4\u00e4stvat transporti ja inspireerib tulevasi insenere.<\/p>\n\n\n\n<div class=\"wp-block-buttons is-content-justification-center is-layout-flex wp-container-core-buttons-is-layout-a89b3969 wp-block-buttons-is-layout-flex\"><\/div>\n<\/div>\n<\/div>\n<\/div>\n\n\n\n<div class=\"wp-block-uagb-container uagb-block-c84325e4 alignfull uagb-is-root-container\"><div class=\"uagb-container-inner-blocks-wrap\">\n<div class=\"wp-block-uagb-info-box uagb-block-d8a09d88 uagb-infobox__content-wrap  uagb-infobox-icon-above-title uagb-infobox-image-valign-top\"><div class=\"uagb-ifb-content\"><div class=\"uagb-ifb-title-wrap\"><h2 class=\"uagb-ifb-title\">V\u00f5tke \u00fchendust t\u00e4na<\/h2><\/div><p class=\"uagb-ifb-desc\">V\u00f5tke meiega \u00fchendust, kui vajate t\u00e4ppis-t\u00f6\u00f6tlust, koostamist v\u00f5i valmis lahendust. Teeme koost\u00f6\u00f6d ja loome koos kvaliteetseid ja kestvaid lahendusi.<\/p><div class=\"uagb-ifb-button-wrapper wp-block-button\"><a href=\"https:\/\/www.qth.ee\/et\/contact\/#contact-now\" class=\"uagb-infobox-cta-link wp-block-button__link\" target=\"_self\" rel=\"noopener noreferrer\" onclick=\"return true;\" alt=\"\"><span class=\"uagb-inline-editing\">K\u00fcsi pakkumist<\/span><\/a><\/div><\/div><\/div>\n<\/div><\/div>","protected":false},"excerpt":{"rendered":"<p>Meie p\u00f5hiv\u00e4\u00e4rtused Juhtp\u00f5him\u00f5tted, mis juhivad meie p\u00fchendumust tipptasemele ja t\u00e4psusele mehaaniliste lahenduste puhul Kvaliteet Me toetame [...]<\/p>","protected":false},"author":1,"featured_media":0,"parent":0,"menu_order":0,"comment_status":"closed","ping_status":"closed","template":"","meta":{"_uag_custom_page_level_css":"","site-sidebar-layout":"default","site-content-layout":"","ast-site-content-layout":"default","site-content-style":"default","site-sidebar-style":"default","ast-global-header-display":"","ast-banner-title-visibility":"","ast-main-header-display":"","ast-hfb-above-header-display":"","ast-hfb-below-header-display":"","ast-hfb-mobile-header-display":"","site-post-title":"disabled","ast-breadcrumbs-content":"","ast-featured-img":"","footer-sml-layout":"","theme-transparent-header-meta":"enabled","adv-header-id-meta":"","stick-header-meta":"","header-above-stick-meta":"","header-main-stick-meta":"","header-below-stick-meta":"","astra-migrate-meta-layouts":"set","ast-page-background-enabled":"default","ast-page-background-meta":{"desktop":{"background-color":"var(--ast-global-color-4)","background-image":"","background-repeat":"repeat","background-position":"center center","background-size":"auto","background-attachment":"scroll","background-type":"","background-media":"","overlay-type":"","overlay-color":"","overlay-opacity":"","overlay-gradient":""},"tablet":{"background-color":"","background-image":"","background-repeat":"repeat","background-position":"center center","background-size":"auto","background-attachment":"scroll","background-type":"","background-media":"","overlay-type":"","overlay-color":"","overlay-opacity":"","overlay-gradient":""},"mobile":{"background-color":"","background-image":"","background-repeat":"repeat","background-position":"center center","background-size":"auto","background-attachment":"scroll","background-type":"","background-media":"","overlay-type":"","overlay-color":"","overlay-opacity":"","overlay-gradient":""}},"ast-content-background-meta":{"desktop":{"background-color":"var(--ast-global-color-5)","background-image":"","background-repeat":"repeat","background-position":"center center","background-size":"auto","background-attachment":"scroll","background-type":"","background-media":"","overlay-type":"","overlay-color":"","overlay-opacity":"","overlay-gradient":""},"tablet":{"background-color":"var(--ast-global-color-5)","background-image":"","background-repeat":"repeat","background-position":"center center","background-size":"auto","background-attachment":"scroll","background-type":"","background-media":"","overlay-type":"","overlay-color":"","overlay-opacity":"","overlay-gradient":""},"mobile":{"background-color":"var(--ast-global-color-5)","background-image":"","background-repeat":"repeat","background-position":"center center","background-size":"auto","background-attachment":"scroll","background-type":"","background-media":"","overlay-type":"","overlay-color":"","overlay-opacity":"","overlay-gradient":""}},"footnotes":""},"class_list":["post-118","page","type-page","status-publish","hentry"],"uagb_featured_image_src":{"full":false,"thumbnail":false,"medium":false,"medium_large":false,"large":false,"1536x1536":false,"2048x2048":false,"trp-custom-language-flag":false},"uagb_author_info":{"display_name":"admin","author_link":"https:\/\/www.qth.ee\/et\/author\/admin\/"},"uagb_comment_info":0,"uagb_excerpt":"Our Core Values Guiding principles that drive our commitment to excellence and precision in machining solutions Quality We uphold the [&hellip;]","_links":{"self":[{"href":"https:\/\/www.qth.ee\/et\/wp-json\/wp\/v2\/pages\/118","targetHints":{"allow":["GET"]}}],"collection":[{"href":"https:\/\/www.qth.ee\/et\/wp-json\/wp\/v2\/pages"}],"about":[{"href":"https:\/\/www.qth.ee\/et\/wp-json\/wp\/v2\/types\/page"}],"author":[{"embeddable":true,"href":"https:\/\/www.qth.ee\/et\/wp-json\/wp\/v2\/users\/1"}],"replies":[{"embeddable":true,"href":"https:\/\/www.qth.ee\/et\/wp-json\/wp\/v2\/comments?post=118"}],"version-history":[{"count":5,"href":"https:\/\/www.qth.ee\/et\/wp-json\/wp\/v2\/pages\/118\/revisions"}],"predecessor-version":[{"id":1669,"href":"https:\/\/www.qth.ee\/et\/wp-json\/wp\/v2\/pages\/118\/revisions\/1669"}],"wp:attachment":[{"href":"https:\/\/www.qth.ee\/et\/wp-json\/wp\/v2\/media?parent=118"}],"curies":[{"name":"wp","href":"https:\/\/api.w.org\/{rel}","templated":true}]}}